{"id":47,"date":"2013-07-15T15:46:24","date_gmt":"2013-07-15T13:46:24","guid":{"rendered":"http:\/\/toilettenwagen-vechta.de\/?page_id=47"},"modified":"2021-04-20T13:41:12","modified_gmt":"2021-04-20T11:41:12","slug":"das-mussen-sie-bereit-stellen","status":"publish","type":"page","link":"https:\/\/toilettenwagen-vechta.de\/?page_id=47","title":{"rendered":"Das m\u00fcssen Sie bereit stellen"},"content":{"rendered":"<p>Es gibt nur wenige Dinge, um die Sie sich k\u00fcmmern m\u00fcssen.<\/p>\n<p>1. Es muss ein Abwasserkanalanschluss in unmittelbarer N\u00e4he vorhanden sein. Es sei denn Sie w\u00e4hlen einen Toilettenwagen autark<\/p>\n<p>2. Ein Frischwasseranschluss muss vorhanden sein.<\/p>\n<p>3. Stromversorgung f\u00fcr Lichtstrom wird ben\u00f6tigt. Es sollte sich also eine Stromquelle in der N\u00e4he befinden sofern m\u00f6glich.<\/p>\n<p>Sind diese Punkte vorhanden, dann steht einer Anmietung unserer wassergesp\u00fclten Toilettenwagen nichts im Wege.<\/p>\n<p>F\u00fcr autarke Toilettenwagen oder Toilettenkabinen z\u00e4hlen diese Punkt nicht.<\/p>\n","protected":false},"excerpt":{"rendered":"<p>Es gibt nur wenige Dinge, um die Sie sich k\u00fcmmern m\u00fcssen. 1. Es muss ein Abwasserkanalanschluss in unmittelbarer N\u00e4he vorhanden sein. Es sei denn Sie w\u00e4hlen einen Toilettenwagen autark 2. Ein Frischwasseranschluss muss vorhanden sein. 3. Stromversorgung f\u00fcr Lichtstrom wird ben\u00f6tigt. Es sollte sich also eine Stromquelle in der N\u00e4he befinden sofern m\u00f6glich. Sind diese [&hellip;]<\/p>\n","protected":false},"author":1,"featured_media":0,"parent":0,"menu_order":50,"comment_status":"closed","ping_status":"closed","template":"","meta":{"footnotes":""},"class_list":["post-47","page","type-page","status-publish","hentry"],"_links":{"self":[{"href":"https:\/\/toilettenwagen-vechta.de\/index.php?rest_route=\/wp\/v2\/pages\/47","targetHints":{"allow":["GET"]}}],"collection":[{"href":"https:\/\/toilettenwagen-vechta.de\/index.php?rest_route=\/wp\/v2\/pages"}],"about":[{"href":"https:\/\/toilettenwagen-vechta.de\/index.php?rest_route=\/wp\/v2\/types\/page"}],"author":[{"embeddable":true,"href":"https:\/\/toilettenwagen-vechta.de\/index.php?rest_route=\/wp\/v2\/users\/1"}],"replies":[{"embeddable":true,"href":"https:\/\/toilettenwagen-vechta.de\/index.php?rest_route=%2Fwp%2Fv2%2Fcomments&post=47"}],"version-history":[{"count":7,"href":"https:\/\/toilettenwagen-vechta.de\/index.php?rest_route=\/wp\/v2\/pages\/47\/revisions"}],"predecessor-version":[{"id":318,"href":"https:\/\/toilettenwagen-vechta.de\/index.php?rest_route=\/wp\/v2\/pages\/47\/revisions\/318"}],"wp:attachment":[{"href":"https:\/\/toilettenwagen-vechta.de\/index.php?rest_route=%2Fwp%2Fv2%2Fmedia&parent=47"}],"curies":[{"name":"wp","href":"https:\/\/api.w.org\/{rel}","templated":true}]}}