{"id":44,"date":"2013-07-15T15:43:12","date_gmt":"2013-07-15T13:43:12","guid":{"rendered":"http:\/\/toilettenwagen-vechta.de\/?page_id=44"},"modified":"2013-07-16T09:41:56","modified_gmt":"2013-07-16T07:41:56","slug":"unser-service-rund-um-die-vermietung","status":"publish","type":"page","link":"https:\/\/toilettenwagen-vechta.de\/?page_id=44","title":{"rendered":"Unser Service"},"content":{"rendered":"<p>Mit der reinen Toilettenwagenvermietung ist es bei uns nicht getan. Wir \u00fcbernehmen eine ganze Palette an Serviceleistungen f\u00fcr Sie, so dass Sie sich um m\u00f6glichst wenig k\u00fcmmern m\u00fcssen.<\/p>\n<p>Unsere Leistungen im Kurz\u00fcberblick:<\/p>\n<p>&#8211; Wir \u00fcbernehmen Aufbau und Abbau der gesamten gemieteten Anlage. Dies beinhaltet den Auf- und Abbau der Abwasser- und Frischwasserrohre. Selbstabholung durch Sie ist nach Absprache m\u00f6glich.<\/p>\n<p>&#8211; Die Versorgung mit Verbrauchsmaterialien \u00fcbernehmen wir ebenfalls. Diese umfassen Seife, Papiert\u00fccher und Toilettenpapier. Diese Leistungen sind optional, das heisst Sie k\u00f6nnen diese gegen einen Aufpreis zubuchen.<\/p>\n<p>&#8211; Wir bieten Ihnen an Servicepersonal zu stellen. Dieses stellt w\u00e4hrend Ihrer Veranstaltung sicher, dass die Toilettenwagen stets sauber sind sowie das Verbrauchsmaterialien vorhanden sind.<\/p>\n<p>&#8211; Langzeitvermietung ist m\u00f6glich. Sollte ihr Vorhaben l\u00e4nger als einige Tage dauern sind wir gerne bereit unsere Toilettenwagen langfristig an Sie zu vermieten.<\/p>\n<p>&#8211; Die Endreinigung der Toilettenwagen \u00fcbernehmen wir selbstverst\u00e4ndlich. So bleibt f\u00fcr Sie kaum Arbeit \u00fcbrig, so dass Sie sich ganz auf Ihre G\u00e4ste konzentrieren k\u00f6nnen.<\/p>\n","protected":false},"excerpt":{"rendered":"<p>Mit der reinen Toilettenwagenvermietung ist es bei uns nicht getan. Wir \u00fcbernehmen eine ganze Palette an Serviceleistungen f\u00fcr Sie, so dass Sie sich um m\u00f6glichst wenig k\u00fcmmern m\u00fcssen. Unsere Leistungen im Kurz\u00fcberblick: &#8211; Wir \u00fcbernehmen Aufbau und Abbau der gesamten gemieteten Anlage. Dies beinhaltet den Auf- und Abbau der Abwasser- und Frischwasserrohre. Selbstabholung durch Sie [&hellip;]<\/p>\n","protected":false},"author":1,"featured_media":0,"parent":0,"menu_order":40,"comment_status":"closed","ping_status":"closed","template":"","meta":{"footnotes":""},"class_list":["post-44","page","type-page","status-publish","hentry"],"_links":{"self":[{"href":"https:\/\/toilettenwagen-vechta.de\/index.php?rest_route=\/wp\/v2\/pages\/44","targetHints":{"allow":["GET"]}}],"collection":[{"href":"https:\/\/toilettenwagen-vechta.de\/index.php?rest_route=\/wp\/v2\/pages"}],"about":[{"href":"https:\/\/toilettenwagen-vechta.de\/index.php?rest_route=\/wp\/v2\/types\/page"}],"author":[{"embeddable":true,"href":"https:\/\/toilettenwagen-vechta.de\/index.php?rest_route=\/wp\/v2\/users\/1"}],"replies":[{"embeddable":true,"href":"https:\/\/toilettenwagen-vechta.de\/index.php?rest_route=%2Fwp%2Fv2%2Fcomments&post=44"}],"version-history":[{"count":4,"href":"https:\/\/toilettenwagen-vechta.de\/index.php?rest_route=\/wp\/v2\/pages\/44\/revisions"}],"predecessor-version":[{"id":59,"href":"https:\/\/toilettenwagen-vechta.de\/index.php?rest_route=\/wp\/v2\/pages\/44\/revisions\/59"}],"wp:attachment":[{"href":"https:\/\/toilettenwagen-vechta.de\/index.php?rest_route=%2Fwp%2Fv2%2Fmedia&parent=44"}],"curies":[{"name":"wp","href":"https:\/\/api.w.org\/{rel}","templated":true}]}}