{"id":2,"date":"2013-06-28T10:45:20","date_gmt":"2013-06-28T10:45:20","guid":{"rendered":"http:\/\/toilettenwagen-vechta.de\/?page_id=2"},"modified":"2021-04-20T14:02:03","modified_gmt":"2021-04-20T12:02:03","slug":"beispiel-seite","status":"publish","type":"page","link":"https:\/\/toilettenwagen-vechta.de\/","title":{"rendered":"Toilettenwagenvermietung und Baustellen WC"},"content":{"rendered":"<p>Willkommen auf der Website von P\u00f6Ka Service GmbH, ihrem professionellen Partner in Sachen Toilettenwagen und Toilettenkabinen im Kreis Vechta. Wir vermieten Toilettenwagen und Kabinen f\u00fcr vielseitige Einsatzzwecke. Egal ob kleine Party oder gro\u00dfes Fest, wir haben die passende L\u00f6sung f\u00fcr Sie. Generell sind wir auf Hochzeiten, Richtfesten, Geburtstagen und Scheunenfeten sowie Open Air Veranstaltungen t\u00e4tig. Au\u00dferdem k\u00f6nnen Sie bei uns Toilettenkabinen z.B f\u00fcr Baustellen oder Veranstaltungen anmieten &#8211; auf Wunsch mit w\u00f6chentlicher Reinigung und Service.<\/p>\n<p>Als Unternehmen aus der Gemeinde Holdorf richtet sich unsere Toilettenvermietung an die umliegenden Landkreise, St\u00e4dte und Gemeinden. Diese umfassen unter anderem Holdorf, Neuenkirchen, Steinfeld, M\u00fchlen, Lohne, Vechta, Damme, Dinklage und Goldenstedt. Auch V\u00f6rden, Visbek und Bakum im Norden geh\u00f6ren zu unserem Einsatzgebiet. Im S\u00fcden stellen wir Ihnen gerne unsere Miet-WCs bis weit in den angrenzenden Kreis Osnabr\u00fcck zur Verf\u00fcgung. Wir vermieten ebenfalls in die Landkreise Cloppenburg und Diepholz. Auf Anfrage bieten wir unseren Service auch in ganz Niedersachsen an.<\/p>\n<p>Tel: 0175\/592 2732 (Herr Kampers) oder 0170\/213 9672 (Herr P\u00f6ppelmann).<\/p>\n<p>Wir freuen uns auf Ihren Anruf!<\/p>\n","protected":false},"excerpt":{"rendered":"<p>Willkommen auf der Website von P\u00f6Ka Service GmbH, ihrem professionellen Partner in Sachen Toilettenwagen und Toilettenkabinen im Kreis Vechta. Wir vermieten Toilettenwagen und Kabinen f\u00fcr vielseitige Einsatzzwecke. Egal ob kleine Party oder gro\u00dfes Fest, wir haben die passende L\u00f6sung f\u00fcr Sie. Generell sind wir auf Hochzeiten, Richtfesten, Geburtstagen und Scheunenfeten sowie Open Air Veranstaltungen t\u00e4tig. [&hellip;]<\/p>\n","protected":false},"author":1,"featured_media":0,"parent":0,"menu_order":0,"comment_status":"closed","ping_status":"open","template":"","meta":{"footnotes":""},"class_list":["post-2","page","type-page","status-publish","hentry"],"_links":{"self":[{"href":"https:\/\/toilettenwagen-vechta.de\/index.php?rest_route=\/wp\/v2\/pages\/2","targetHints":{"allow":["GET"]}}],"collection":[{"href":"https:\/\/toilettenwagen-vechta.de\/index.php?rest_route=\/wp\/v2\/pages"}],"about":[{"href":"https:\/\/toilettenwagen-vechta.de\/index.php?rest_route=\/wp\/v2\/types\/page"}],"author":[{"embeddable":true,"href":"https:\/\/toilettenwagen-vechta.de\/index.php?rest_route=\/wp\/v2\/users\/1"}],"replies":[{"embeddable":true,"href":"https:\/\/toilettenwagen-vechta.de\/index.php?rest_route=%2Fwp%2Fv2%2Fcomments&post=2"}],"version-history":[{"count":18,"href":"https:\/\/toilettenwagen-vechta.de\/index.php?rest_route=\/wp\/v2\/pages\/2\/revisions"}],"predecessor-version":[{"id":332,"href":"https:\/\/toilettenwagen-vechta.de\/index.php?rest_route=\/wp\/v2\/pages\/2\/revisions\/332"}],"wp:attachment":[{"href":"https:\/\/toilettenwagen-vechta.de\/index.php?rest_route=%2Fwp%2Fv2%2Fmedia&parent=2"}],"curies":[{"name":"wp","href":"https:\/\/api.w.org\/{rel}","templated":true}]}}